{"id":7120,"date":"2022-03-01T13:39:22","date_gmt":"2022-03-01T13:39:22","guid":{"rendered":"https:\/\/www.chesiquimica.com.br\/site\/?page_id=7120"},"modified":"2022-12-14T18:17:47","modified_gmt":"2022-12-14T18:17:47","slug":"chesiquimica","status":"publish","type":"page","link":"https:\/\/www.chesiquimica.com.br\/site\/","title":{"rendered":"Chesiquimica"},"content":{"rendered":"<p>[vc_row full_width=&#8221;stretch_row_content_no_spaces&#8221; content_placement=&#8221;middle&#8221; parallax_content=&#8221;parallax_content_value&#8221; enable_overlay=&#8221;enable_overlay_value&#8221; overlay_color=&#8221;rgba(255,255,255,0.85)&#8221; ult_hide_row=&#8221;ult_hide_row_value&#8221; ult_hide_row_mobile=&#8221;mobile&#8221; ult_hide_row_mobile_large=&#8221;xl_mobile&#8221;][vc_column offset=&#8221;vc_hidden-xs&#8221;][vc_images_carousel images=&#8221;6912,7655,7757,7818,8028&#8243; img_size=&#8221;full&#8221; onclick=&#8221;custom_link&#8221; autoplay=&#8221;yes&#8221; hide_pagination_control=&#8221;yes&#8221; wrap=&#8221;yes&#8221;][\/vc_column][\/vc_row][vc_row full_width=&#8221;stretch_row_content_no_spaces&#8221; content_placement=&#8221;middle&#8221; parallax_content=&#8221;parallax_content_value&#8221; enable_overlay=&#8221;enable_overlay_value&#8221; overlay_color=&#8221;rgba(255,255,255,0.85)&#8221; ult_hide_row=&#8221;ult_hide_row_value&#8221; ult_hide_row_mobile=&#8221;mobile&#8221; ult_hide_row_mobile_large=&#8221;xl_mobile&#8221;][vc_column offset=&#8221;vc_hidden-lg vc_hidden-md vc_hidden-sm&#8221;][vc_single_image image=&#8221;7059&#8243; img_size=&#8221;full&#8221; alignment=&#8221;center&#8221; css_animation=&#8221;fadeIn&#8221; css=&#8221;.vc_custom_1637172895424{margin-bottom: 0px !important;}&#8221;][\/vc_column][\/vc_row][vc_row ult_hide_row=&#8221;ult_hide_row_value&#8221; ult_hide_row_mobile=&#8221;mobile&#8221; ult_hide_row_mobile_large=&#8221;xl_mobile&#8221; css=&#8221;.vc_custom_1637172409343{margin-top: 0px !important;padding-bottom: 30px !important;}&#8221;][vc_column width=&#8221;1\/2&#8243; offset=&#8221;vc_hidden-xs&#8221;][vc_separator color=&#8221;custom&#8221; align=&#8221;align_right&#8221; border_width=&#8221;10&#8243; accent_color=&#8221;#34dca2&#8243; css=&#8221;.vc_custom_1636378807978{margin-top: 10px !important;}&#8221;][vc_column_text]<\/p>\n<p style=\"color: #fff;\">.<\/p>\n<p>[\/vc_column_text][\/vc_column][vc_column width=&#8221;1\/2&#8243; offset=&#8221;vc_col-md-6 vc_hidden-xs&#8221;][vc_column_text]<\/p>\n<h2>OS <span class=\"theme-underline-bold\">PROFISSIONAIS<\/span> USAM.<\/h2>\n<p>[\/vc_column_text][\/vc_column][\/vc_row][vc_row full_width=&#8221;stretch_row&#8221; css_animation=&#8221;none&#8221; css=&#8221;.vc_custom_1646159180215{margin-bottom: 0px !important;padding-top: 100px !important;padding-bottom: 100px !important;background-color: #3f17aa !important;}&#8221;][vc_column width=&#8221;1\/3&#8243;][vc_column_text css_animation=&#8221;fadeInUp&#8221;]<\/p>\n<h3 style=\"text-align: left;\"><span style=\"color: #ffffff;\">Chesiquimica<\/span><\/h3>\n<p>[\/vc_column_text][vc_column_text css_animation=&#8221;fadeInUp&#8221;]<\/p>\n<p style=\"font-size: 18px;\"><span style=\"color: #ffffff;\">Fundada em agosto de 1997, a Chesiquimica\u00ae desenvolve e comercializa produtos e servi\u00e7os de alta qualidade para constru\u00e7\u00e3o civil, higiene, limpeza e sanitiza\u00e7\u00e3o, para os mercados industriais, revenda e institucionais em geral.<\/span><\/p>\n<p style=\"font-size: 18px;\"><span style=\"color: #ffffff;\">Tecnologia, inova\u00e7\u00e3o e resultado: estes s\u00e3o os princ\u00edpios da Chesiquimica\u00ae, com linhas de produtos que abrangem v\u00e1rias \u00e1reas e s\u00e3o focados em atender rigorosamente as exig\u00eancias e particularidades de cada ramo da ind\u00fastria, oferecendo solu\u00e7\u00f5es seguras e eficazes!<\/span><\/p>\n<p>[\/vc_column_text][\/vc_column][vc_column width=&#8221;2\/3&#8243; css=&#8221;.vc_custom_1646159136301{padding-right: 5% !important;padding-left: 5% !important;}&#8221;][vc_single_image image=&#8221;7689&#8243; img_size=&#8221;full&#8221; alignment=&#8221;center&#8221; css_animation=&#8221;fadeInUp&#8221;][\/vc_column][\/vc_row][vc_row full_width=&#8221;stretch_row&#8221; css=&#8221;.vc_custom_1656077265983{margin-bottom: 0px !important;padding-top: 90px !important;padding-bottom: 90px !important;background-color: #e5e5e5 !important;}&#8221;][vc_column width=&#8221;1\/4&#8243;][vc_single_image image=&#8221;8033&#8243; img_size=&#8221;full&#8221; alignment=&#8221;center&#8221; css_animation=&#8221;fadeInUp&#8221;][\/vc_column][vc_column width=&#8221;1\/4&#8243;][vc_single_image image=&#8221;8034&#8243; img_size=&#8221;full&#8221; alignment=&#8221;center&#8221; css_animation=&#8221;fadeInUp&#8221;][\/vc_column][vc_column width=&#8221;1\/4&#8243;][vc_single_image image=&#8221;8035&#8243; img_size=&#8221;full&#8221; alignment=&#8221;center&#8221; css_animation=&#8221;fadeInUp&#8221;][\/vc_column][vc_column width=&#8221;1\/4&#8243;][vc_single_image image=&#8221;8036&#8243; img_size=&#8221;full&#8221; alignment=&#8221;center&#8221; css_animation=&#8221;fadeInUp&#8221;][\/vc_column][\/vc_row][vc_row full_width=&#8221;stretch_row&#8221; css=&#8221;.vc_custom_1646162902937{margin-bottom: 0px !important;padding-top: 120px !important;padding-bottom: 50px !important;}&#8221;][vc_column][vc_column_text css_animation=&#8221;fadeInUp&#8221;]<\/p>\n<h3 style=\"text-align: center;\">Selecione uma das nossas linhas de produto<\/h3>\n<p>[\/vc_column_text][vc_column_text]<\/p>\n<p style=\"text-align: center;\">Clique em uma das nossas linhas de produtos para ver mais detalhes sobre \u00e1rea de aplica\u00e7\u00e3o,<br \/>\ncores, embalagens e a ficha t\u00e9cnica de todos os produtos.<\/p>\n<p>[\/vc_column_text][\/vc_column][\/vc_row][vc_row content_placement=&#8221;middle&#8221; css=&#8221;.vc_custom_1646163100381{padding-right: 10% !important;padding-left: 10% !important;}&#8221;][vc_column width=&#8221;1\/3&#8243;][vc_single_image image=&#8221;8040&#8243; img_size=&#8221;full&#8221; alignment=&#8221;center&#8221;][\/vc_column][vc_column width=&#8221;2\/3&#8243;][vc_single_image image=&#8221;7432&#8243; img_size=&#8221;full&#8221;][vc_column_text css=&#8221;.vc_custom_1654016892118{margin-top: -50px !important;}&#8221;]<\/p>\n<p style=\"text-align: left;\">QUALIDADE INDUSTRIAL AO ALCANCE DE TODOS \u2013 produtos industriais concentrados, de alto rendimento e a\u00e7\u00e3o imediata \u2013 elaborados para render.<\/p>\n<p>[\/vc_column_text]<div class=\" ubtn-ctn-left \"><a class=\"ubtn-link ult-adjust-bottom-margin ubtn-left ubtn-normal \" href=\"\/site\/linha-chesy\/\" ><button type=\"button\" id=\"ubtn-4010\"  class=\"ubtn ult-adjust-bottom-margin ult-responsive ubtn-normal ubtn-top-bg  none  ubtn-left   tooltip-69f32364ec5ae\"  data-hover=\"#ffffff\" data-border-color=\"\" data-bg=\"#6046aa\" data-hover-bg=\"#000000\" data-border-hover=\"\" data-shadow-hover=\"\" data-shadow-click=\"none\" data-shadow=\"\" data-shd-shadow=\"\"  data-ultimate-target='#ubtn-4010'  data-responsive-json-new='{\"font-size\":\"desktop:16px;\",\"line-height\":\"\"}'  style=\"font-weight:bold;border:none;background: #6046aa;color: #ffffff;\"><span class=\"ubtn-hover\" style=\"background-color:#000000\"><\/span><span class=\"ubtn-data ubtn-text \" >Ver a linha completa<\/span><\/button><\/a><\/div>[\/vc_column][\/vc_row][vc_row][vc_column][vc_empty_space height=&#8221;50px&#8221;][vc_separator el_width=&#8221;80&#8243;][vc_empty_space height=&#8221;50px&#8221;][\/vc_column][\/vc_row][vc_row content_placement=&#8221;middle&#8221; css=&#8221;.vc_custom_1646163100381{padding-right: 10% !important;padding-left: 10% !important;}&#8221;][vc_column width=&#8221;2\/3&#8243;][vc_single_image image=&#8221;7436&#8243; img_size=&#8221;200&#215;59&#8243; alignment=&#8221;right&#8221;][vc_column_text css=&#8221;.vc_custom_1654016960831{margin-top: -10px !important;}&#8221;]<\/p>\n<p style=\"text-align: right;\">OS PROFISSIONAIS USAM \u2013 produtos profissionais de alta qualidade para constru\u00e7\u00e3o civil e automotivo \u2013 elaborados para serem confi\u00e1veis.<\/p>\n<p>[\/vc_column_text]<div class=\" ubtn-ctn-right \"><a class=\"ubtn-link ult-adjust-bottom-margin ubtn-right ubtn-normal \" href=\"https:\/\/www.chesiquimica.com.br\/site\/linha-etaniz\/\" ><button type=\"button\" id=\"ubtn-6343\"  class=\"ubtn ult-adjust-bottom-margin ult-responsive ubtn-normal ubtn-top-bg  none  ubtn-right   tooltip-69f32364ec635\"  data-hover=\"#ffffff\" data-border-color=\"\" data-bg=\"#6046aa\" data-hover-bg=\"#000000\" data-border-hover=\"\" data-shadow-hover=\"\" data-shadow-click=\"none\" data-shadow=\"\" data-shd-shadow=\"\"  data-ultimate-target='#ubtn-6343'  data-responsive-json-new='{\"font-size\":\"desktop:16px;\",\"line-height\":\"\"}'  style=\"font-weight:bold;border:none;background: #6046aa;color: #ffffff;\"><span class=\"ubtn-hover\" style=\"background-color:#000000\"><\/span><span class=\"ubtn-data ubtn-text \" >Ver a linha completa<\/span><\/button><\/a><\/div>[\/vc_column][vc_column width=&#8221;1\/3&#8243;][vc_single_image image=&#8221;7697&#8243; img_size=&#8221;full&#8221; alignment=&#8221;center&#8221;][\/vc_column][\/vc_row][vc_row][vc_column][vc_empty_space height=&#8221;50px&#8221;][vc_separator el_width=&#8221;80&#8243;][vc_empty_space height=&#8221;50px&#8221;][\/vc_column][\/vc_row][vc_row content_placement=&#8221;middle&#8221; css=&#8221;.vc_custom_1646163100381{padding-right: 10% !important;padding-left: 10% !important;}&#8221;][vc_column width=&#8221;1\/3&#8243;][vc_single_image image=&#8221;7699&#8243; img_size=&#8221;full&#8221; alignment=&#8221;center&#8221;][\/vc_column][vc_column width=&#8221;2\/3&#8243;][vc_single_image image=&#8221;7439&#8243; img_size=&#8221;200&#215;100&#8243;][vc_column_text css=&#8221;.vc_custom_1654017001294{margin-top: -20px !important;}&#8221;]<\/p>\n<p style=\"text-align: left;\">REAL\u00c7ANDO A BELEZA COM AS CORES DA NATUREZA \u2013 produtos de origem brasileira, trazendo cores da nossa natureza para sua casa \u2013 elaborados com emo\u00e7\u00e3o.<\/p>\n<p>[\/vc_column_text]<div class=\" ubtn-ctn-left \"><a class=\"ubtn-link ult-adjust-bottom-margin ubtn-left ubtn-normal \" href=\"\/linha-eco\/\" ><button type=\"button\" id=\"ubtn-5260\"  class=\"ubtn ult-adjust-bottom-margin ult-responsive ubtn-normal ubtn-top-bg  none  ubtn-left   tooltip-69f32364ec669\"  data-hover=\"#ffffff\" data-border-color=\"\" data-bg=\"#6046aa\" data-hover-bg=\"#000000\" data-border-hover=\"\" data-shadow-hover=\"\" data-shadow-click=\"none\" data-shadow=\"\" data-shd-shadow=\"\"  data-ultimate-target='#ubtn-5260'  data-responsive-json-new='{\"font-size\":\"desktop:16px;\",\"line-height\":\"\"}'  style=\"font-weight:bold;border:none;background: #6046aa;color: #ffffff;\"><span class=\"ubtn-hover\" style=\"background-color:#000000\"><\/span><span class=\"ubtn-data ubtn-text \" >Ver a linha completa<\/span><\/button><\/a><\/div>[\/vc_column][\/vc_row][vc_row][vc_column][vc_empty_space height=&#8221;50px&#8221;][vc_separator el_width=&#8221;80&#8243;][vc_empty_space height=&#8221;50px&#8221;][\/vc_column][\/vc_row][vc_row content_placement=&#8221;middle&#8221; css=&#8221;.vc_custom_1646163100381{padding-right: 10% !important;padding-left: 10% !important;}&#8221;][vc_column width=&#8221;2\/3&#8243;][vc_single_image image=&#8221;7443&#8243; img_size=&#8221;full&#8221; alignment=&#8221;right&#8221;][vc_column_text css=&#8221;.vc_custom_1654017038857{margin-top: -30px !important;}&#8221;]<\/p>\n<p style=\"text-align: right;\">LEVE E USE ONDE QUISER \u2013 produtos de f\u00e1cil manuseio, embalagens amig\u00e1veis e alta qualidade para sua casa \u2013 elaborados para usar.<\/p>\n<p>[\/vc_column_text]<div class=\" ubtn-ctn-right \"><a class=\"ubtn-link ult-adjust-bottom-margin ubtn-right ubtn-normal \" href=\"\/linha-lev-uze\/\" ><button type=\"button\" id=\"ubtn-2951\"  class=\"ubtn ult-adjust-bottom-margin ult-responsive ubtn-normal ubtn-top-bg  none  ubtn-right   tooltip-69f32364ec693\"  data-hover=\"#ffffff\" data-border-color=\"\" data-bg=\"#6046aa\" data-hover-bg=\"#000000\" data-border-hover=\"\" data-shadow-hover=\"\" data-shadow-click=\"none\" data-shadow=\"\" data-shd-shadow=\"\"  data-ultimate-target='#ubtn-2951'  data-responsive-json-new='{\"font-size\":\"desktop:16px;\",\"line-height\":\"\"}'  style=\"font-weight:bold;border:none;background: #6046aa;color: #ffffff;\"><span class=\"ubtn-hover\" style=\"background-color:#000000\"><\/span><span class=\"ubtn-data ubtn-text \" >Ver a linha completa<\/span><\/button><\/a><\/div>[\/vc_column][vc_column width=&#8221;1\/3&#8243;][vc_single_image image=&#8221;7701&#8243; img_size=&#8221;full&#8221; alignment=&#8221;center&#8221;][\/vc_column][\/vc_row][vc_row][vc_column][vc_empty_space height=&#8221;50px&#8221;][vc_separator el_width=&#8221;80&#8243;][vc_empty_space height=&#8221;50px&#8221;][\/vc_column][\/vc_row][vc_row content_placement=&#8221;middle&#8221; css=&#8221;.vc_custom_1646163361166{padding-right: 10% !important;padding-bottom: 75px !important;padding-left: 10% !important;}&#8221;][vc_column width=&#8221;1\/3&#8243;][vc_single_image image=&#8221;7703&#8243; img_size=&#8221;full&#8221; alignment=&#8221;center&#8221;][\/vc_column][vc_column width=&#8221;2\/3&#8243;][vc_single_image image=&#8221;7691&#8243; img_size=&#8221;full&#8221;][vc_column_text css=&#8221;.vc_custom_1654017175107{margin-top: -20px !important;}&#8221;]CUIDADOS E PROTE\u00c7\u00c3O PARA SUA CASA \u2013 produtos de uso dia a dia para sua prote\u00e7\u00e3o e bem estar \u2013 elaborados com carinho.[\/vc_column_text]<div class=\" ubtn-ctn-left \"><a class=\"ubtn-link ult-adjust-bottom-margin ubtn-left ubtn-normal \" href=\"\/linha-zetek\/\" ><button type=\"button\" id=\"ubtn-2223\"  class=\"ubtn ult-adjust-bottom-margin ult-responsive ubtn-normal ubtn-top-bg  none  ubtn-left   tooltip-69f32364ec6b9\"  data-hover=\"#ffffff\" data-border-color=\"\" data-bg=\"#6046aa\" data-hover-bg=\"#000000\" data-border-hover=\"\" data-shadow-hover=\"\" data-shadow-click=\"none\" data-shadow=\"\" data-shd-shadow=\"\"  data-ultimate-target='#ubtn-2223'  data-responsive-json-new='{\"font-size\":\"desktop:16px;\",\"line-height\":\"\"}'  style=\"font-weight:bold;border:none;background: #6046aa;color: #ffffff;\"><span class=\"ubtn-hover\" style=\"background-color:#000000\"><\/span><span class=\"ubtn-data ubtn-text \" >Ver a linha completa<\/span><\/button><\/a><\/div>[\/vc_column][\/vc_row][vc_row full_width=&#8221;stretch_row_content_no_spaces&#8221; equal_height=&#8221;yes&#8221; content_placement=&#8221;middle&#8221; css=&#8221;.vc_custom_1656332526028{margin-bottom: 50px !important;}&#8221;][vc_column width=&#8221;1\/5&#8243;][\/vc_column][vc_column width=&#8221;1\/5&#8243; css=&#8221;.vc_custom_1656335133556{padding-top: 100px !important;padding-bottom: 100px !important;background-image: url(https:\/\/www.chesiquimica.com.br\/site\/wp-content\/uploads\/2022\/06\/materiaisinf.jpg?id=8060) !important;background-position: center !important;background-repeat: no-repeat !important;background-size: cover !important;}&#8221;][\/vc_column][vc_column width=&#8221;2\/5&#8243; css=&#8221;.vc_custom_1652374714270{padding-right: 5% !important;padding-left: 5% !important;background-color: #ca0000 !important;}&#8221;][vc_column_text]<\/p>\n<h2><span style=\"color: #ffffff;\">MATERIAIS<\/span><br \/>\n<span style=\"color: #ffffff;\"> INFORMATIVOS<\/span><\/h2>\n<p>[\/vc_column_text]<div class=\" ubtn-ctn-left \"><a class=\"ubtn-link ult-adjust-bottom-margin ubtn-left ubtn-small \" href=\"\/materiais-informativos\/\" ><button type=\"button\" id=\"ubtn-4579\"  class=\"ubtn ult-adjust-bottom-margin ult-responsive ubtn-small ubtn-top-bg  none  ubtn-left   tooltip-69f32364ec6de\"  data-hover=\"#ffffff\" data-border-color=\"\" data-bg=\"#6046aa\" data-hover-bg=\"#000000\" data-border-hover=\"\" data-shadow-hover=\"\" data-shadow-click=\"none\" data-shadow=\"\" data-shd-shadow=\"\"  data-ultimate-target='#ubtn-4579'  data-responsive-json-new='{\"font-size\":\"desktop:16px;\",\"line-height\":\"\"}'  style=\"font-weight:bold;border:none;background: #6046aa;color: #ffffff;\"><span class=\"ubtn-hover\" style=\"background-color:#000000\"><\/span><span class=\"ubtn-data ubtn-text \" >ACESSAR<\/span><\/button><\/a><\/div>[\/vc_column][vc_column width=&#8221;1\/5&#8243;][\/vc_column][\/vc_row][vc_row full_width=&#8221;stretch_row&#8221; css=&#8221;.vc_custom_1636642546635{margin-bottom: 0px !important;padding-top: 30px !important;padding-bottom: 30px !important;background-color: #34dca2 !important;}&#8221;][vc_column width=&#8221;5\/6&#8243;][vc_column_text css_animation=&#8221;fadeInUp&#8221;]<\/p>\n<h3 style=\"text-align: left;\">Voc\u00ea \u00e9 distribuidor e deseja trabalhar com nossos produtos?<\/h3>\n<p>[\/vc_column_text][\/vc_column][vc_column width=&#8221;1\/6&#8243;]<div class=\" ubtn-ctn-center \"><a class=\"ubtn-link ult-adjust-bottom-margin ubtn-center ubtn-normal \" href=\"#wow-modal-id-1\" ><button type=\"button\" id=\"ubtn-3010\"  class=\"ubtn ult-adjust-bottom-margin ult-responsive ubtn-normal ubtn-top-bg  none  ubtn-center   tooltip-69f32364ec703\"  data-hover=\"#ffffff\" data-border-color=\"\" data-bg=\"#6046aa\" data-hover-bg=\"#000000\" data-border-hover=\"\" data-shadow-hover=\"\" data-shadow-click=\"none\" data-shadow=\"\" data-shd-shadow=\"\"  data-ultimate-target='#ubtn-3010'  data-responsive-json-new='{\"font-size\":\"desktop:16px;\",\"line-height\":\"\"}'  style=\"font-weight:bold;border:none;background: #6046aa;color: #ffffff;\"><span class=\"ubtn-hover\" style=\"background-color:#000000\"><\/span><span class=\"ubtn-data ubtn-text \" >Clique aqui<\/span><\/button><\/a><\/div>[\/vc_column][\/vc_row]<\/p>\n","protected":false},"excerpt":{"rendered":"<p>[vc_row full_width=&#8221;stretch_row_content_no_spaces&#8221; content_placement=&#8221;middle&#8221; parallax_content=&#8221;parallax_content_value&#8221; enable_overlay=&#8221;enable_overlay_value&#8221; overlay_color=&#8221;rgba(255,255,255,0.85)&#8221; ult_hide_row=&#8221;ult_hide_row_value&#8221; ult_hide_row_mobile=&#8221;mobile&#8221; ult_hide_row_mobile_large=&#8221;xl_mobile&#8221;][vc_column offset=&#8221;vc_hidden-xs&#8221;][vc_images_carousel images=&#8221;6912,7655,7757,7818,8028&#8243; img_size=&#8221;full&#8221; onclick=&#8221;custom_link&#8221; autoplay=&#8221;yes&#8221; hide_pagination_control=&#8221;yes&#8221; wrap=&#8221;yes&#8221;][\/vc_column][\/vc_row][vc_row full_width=&#8221;stretch_row_content_no_spaces&#8221; content_placement=&#8221;middle&#8221; parallax_content=&#8221;parallax_content_value&#8221; enable_overlay=&#8221;enable_overlay_value&#8221; overlay_color=&#8221;rgba(255,255,255,0.85)&#8221; ult_hide_row=&#8221;ult_hide_row_value&#8221; ult_hide_row_mobile=&#8221;mobile&#8221; ult_hide_row_mobile_large=&#8221;xl_mobile&#8221;][vc_column offset=&#8221;vc_hidden-lg vc_hidden-md vc_hidden-sm&#8221;][vc_single_image image=&#8221;7059&#8243; img_size=&#8221;full&#8221; alignment=&#8221;center&#8221;&#8230;<\/p>\n","protected":false},"author":1,"featured_media":0,"parent":0,"menu_order":0,"comment_status":"closed","ping_status":"closed","template":"","meta":{"footnotes":""},"class_list":["post-7120","page","type-page","status-publish","hentry"],"_links":{"self":[{"href":"https:\/\/www.chesiquimica.com.br\/site\/wp-json\/wp\/v2\/pages\/7120","targetHints":{"allow":["GET"]}}],"collection":[{"href":"https:\/\/www.chesiquimica.com.br\/site\/wp-json\/wp\/v2\/pages"}],"about":[{"href":"https:\/\/www.chesiquimica.com.br\/site\/wp-json\/wp\/v2\/types\/page"}],"author":[{"embeddable":true,"href":"https:\/\/www.chesiquimica.com.br\/site\/wp-json\/wp\/v2\/users\/1"}],"replies":[{"embeddable":true,"href":"https:\/\/www.chesiquimica.com.br\/site\/wp-json\/wp\/v2\/comments?post=7120"}],"version-history":[{"count":111,"href":"https:\/\/www.chesiquimica.com.br\/site\/wp-json\/wp\/v2\/pages\/7120\/revisions"}],"predecessor-version":[{"id":8090,"href":"https:\/\/www.chesiquimica.com.br\/site\/wp-json\/wp\/v2\/pages\/7120\/revisions\/8090"}],"wp:attachment":[{"href":"https:\/\/www.chesiquimica.com.br\/site\/wp-json\/wp\/v2\/media?parent=7120"}],"curies":[{"name":"wp","href":"https:\/\/api.w.org\/{rel}","templated":true}]}}