{"id":7487,"date":"2022-05-05T17:07:40","date_gmt":"2022-05-05T17:07:40","guid":{"rendered":"https:\/\/www.chesiquimica.com.br\/site\/?page_id=7487"},"modified":"2022-06-23T18:55:35","modified_gmt":"2022-06-23T18:55:35","slug":"linha-etaniz","status":"publish","type":"page","link":"https:\/\/www.chesiquimica.com.br\/site\/linha-etaniz\/","title":{"rendered":"Linha Etaniz"},"content":{"rendered":"<p>[vc_row full_width=&#8221;stretch_row_content_no_spaces&#8221; css=&#8221;.vc_custom_1651696142161{background-position: center !important;background-repeat: no-repeat !important;background-size: cover !important;}&#8221;][vc_column][vc_single_image image=&#8221;7492&#8243; img_size=&#8221;full&#8221;][\/vc_column][\/vc_row][vc_row full_width=&#8221;stretch_row&#8221; css_animation=&#8221;none&#8221; css=&#8221;.vc_custom_1651693946812{margin-top: -50px !important;margin-bottom: 0px !important;padding-top: 100px !important;padding-bottom: 200px !important;background-color: #3f17aa !important;}&#8221;][vc_column][vc_row_inner gap=&#8221;30&#8243; css=&#8221;.vc_custom_1484662874588{margin-bottom: 0px !important;}&#8221;][vc_column_inner offset=&#8221;vc_col-md-8&#8243;][vc_column_text css_animation=&#8221;fadeInUp&#8221;]<\/p>\n<h6 style=\"color: #34dca2; font-size: 16px;\">CHESIQUIMICA<\/h6>\n<p>[\/vc_column_text][vc_single_image image=&#8221;7436&#8243; img_size=&#8221;full&#8221; css_animation=&#8221;fadeInUp&#8221;][\/vc_column_inner][\/vc_row_inner][vc_column_text css_animation=&#8221;fadeInUp&#8221;]<\/p>\n<h6 style=\"color: #34dca2; font-size: 18px;\">Selecione a categoria para ver os produtos:<\/h6>\n<p>[\/vc_column_text][\/vc_column][\/vc_row][vc_row gap=&#8221;30&#8243; full_height=&#8221;yes&#8221; columns_placement=&#8221;top&#8221; equal_height=&#8221;yes&#8221; content_placement=&#8221;top&#8221; css=&#8221;.vc_custom_1652378630952{margin-top: -160px !important;margin-bottom: 100px !important;}&#8221;][vc_column width=&#8221;1\/2&#8243;][vc_row_inner content_placement=&#8221;middle&#8221; css=&#8221;.vc_custom_1656010063560{padding-top: 7% !important;padding-right: 7% !important;padding-bottom: 7% !important;padding-left: 7% !important;background-color: #5bc7df !important;}&#8221;][vc_column_inner width=&#8221;1\/4&#8243;][vc_single_image image=&#8221;7674&#8243; img_size=&#8221;full&#8221; css_animation=&#8221;fadeInUp&#8221;][\/vc_column_inner][vc_column_inner width=&#8221;3\/4&#8243;][vc_column_text css_animation=&#8221;fadeInUp&#8221; css=&#8221;.vc_custom_1651773320358{margin-bottom: 20px !important;}&#8221;]<\/p>\n<h3 style=\"color: #fff;\">Linha <span class=\"theme-selection-accent\">Limpeza<\/span><\/h3>\n<p>[\/vc_column_text][vc_column_text css_animation=&#8221;fadeInUp&#8221;]<span style=\"color: #ffffff;\"> Linha de produtos profissionais e concentrados, eficazes na limpeza e remo\u00e7\u00e3o das diversas sujidades na obra, casa e no uso profissional. Limpadores e removedores com alto poder de higieniza\u00e7\u00e3o e limpeza, indicados para diferentes tipos de superf\u00edcies. <\/span>[\/vc_column_text][vc_btn title=&#8221;Ver produtos&#8221; shape=&#8221;square&#8221; color=&#8221;white&#8221; align=&#8221;left&#8221; css_animation=&#8221;fadeInUp&#8221; link=&#8221;url:%2Fetaniz-linha-limpeza%2F&#8221;][\/vc_column_inner][\/vc_row_inner][vc_empty_space height=&#8221;35px&#8221;][vc_row_inner content_placement=&#8221;middle&#8221; css=&#8221;.vc_custom_1651773769227{padding-top: 7% !important;padding-right: 7% !important;padding-bottom: 7% !important;padding-left: 7% !important;background-color: #316542 !important;}&#8221;][vc_column_inner width=&#8221;1\/4&#8243;][vc_icon icon_fontawesome=&#8221;fas fa-building&#8221; color=&#8221;white&#8221; size=&#8221;xl&#8221; css_animation=&#8221;fadeInUp&#8221;][\/vc_column_inner][vc_column_inner width=&#8221;3\/4&#8243;][vc_column_text css_animation=&#8221;fadeInUp&#8221; css=&#8221;.vc_custom_1651773569857{margin-bottom: 20px !important;}&#8221;]<\/p>\n<h3 style=\"color: #fff;\">Constru\u00e7\u00e3o <span class=\"theme-selection-accent\">Civil<\/span><\/h3>\n<p>[\/vc_column_text][vc_column_text css_animation=&#8221;fadeInUp&#8221;]<span style=\"color: #ffffff;\">Produtos desenvolvidos para uso em obras de constru\u00e7\u00e3o civil, reformas e manuten\u00e7\u00f5es em geral. Elaborados com mat\u00e9ria prima premium, garantindo confian\u00e7a e seguran\u00e7a para profissionais.<br \/>\n<\/span>[\/vc_column_text][vc_btn title=&#8221;Ver produtos&#8221; shape=&#8221;square&#8221; color=&#8221;white&#8221; align=&#8221;left&#8221; css_animation=&#8221;fadeInUp&#8221; link=&#8221;url:%2Fetaniz-construcao-civil%2F&#8221;][\/vc_column_inner][\/vc_row_inner][vc_empty_space height=&#8221;35px&#8221;][vc_row_inner content_placement=&#8221;middle&#8221; css=&#8221;.vc_custom_1637171142121{padding-top: 7% !important;padding-right: 7% !important;padding-bottom: 7% !important;padding-left: 7% !important;background-color: #e85428 !important;}&#8221;][vc_column_inner width=&#8221;1\/4&#8243;][vc_icon icon_fontawesome=&#8221;fas fa-tint&#8221; color=&#8221;white&#8221; size=&#8221;xl&#8221; css_animation=&#8221;fadeInUp&#8221;][\/vc_column_inner][vc_column_inner width=&#8221;3\/4&#8243;][vc_column_text css_animation=&#8221;fadeInUp&#8221; css=&#8221;.vc_custom_1656010260412{margin-bottom: 20px !important;}&#8221;]<\/p>\n<h3 style=\"color: #fff;\">Linha <span class=\"theme-selection-accent\">Aditivos<\/span><\/h3>\n<p>[\/vc_column_text][vc_column_text css_animation=&#8221;fadeInUp&#8221;]<span style=\"color: #ffffff;\">Aditivos que ir\u00e3o proteger todo o sistema contra corros\u00e3o, superaquecimento e cavita\u00e7\u00e3o. Evita o ressecamento das mangueiras, lubrifica a bomba d&#8217;\u00e1gua e proporciona uma prote\u00e7\u00e3o especial ao alum\u00ednio.<\/span>[\/vc_column_text][vc_btn title=&#8221;Ver produtos&#8221; shape=&#8221;square&#8221; color=&#8221;white&#8221; align=&#8221;left&#8221; css_animation=&#8221;fadeInUp&#8221; link=&#8221;url:%2Fetaniz-linha-aditivos%2F&#8221;][\/vc_column_inner][\/vc_row_inner][\/vc_column][vc_column width=&#8221;1\/2&#8243;][vc_row_inner content_placement=&#8221;middle&#8221; css=&#8221;.vc_custom_1637171142121{padding-top: 7% !important;padding-right: 7% !important;padding-bottom: 7% !important;padding-left: 7% !important;background-color: #e85428 !important;}&#8221;][vc_column_inner width=&#8221;1\/4&#8243;][vc_icon icon_fontawesome=&#8221;fas fa-spray-can&#8221; color=&#8221;white&#8221; size=&#8221;xl&#8221; css_animation=&#8221;fadeInUp&#8221;][\/vc_column_inner][vc_column_inner width=&#8221;3\/4&#8243;][vc_column_text css_animation=&#8221;fadeInUp&#8221; css=&#8221;.vc_custom_1651773545752{margin-bottom: 20px !important;}&#8221;]<\/p>\n<h3 style=\"color: #fff;\">Linha <span class=\"theme-selection-accent\">Tintas<\/span><\/h3>\n<p>[\/vc_column_text][vc_column_text css_animation=&#8221;fadeInUp&#8221;]<span style=\"color: #ffffff;\">Tintas em spray com v\u00e1lvula de jato regul\u00e1vel, com aplica\u00e7\u00e3o mais precisa e segura, elaboradas com qualidade Premium e indicadas para aplica\u00e7\u00f5es em diversos tipos de superf\u00edcie, internamente e externamente. V\u00e1lvula 360 permite qualidade e versatilidade de aplica\u00e7\u00e3o, garantindo excelente cobertura e satisfa\u00e7\u00e3o dos profissionais.<br \/>\n<\/span>[\/vc_column_text][vc_btn title=&#8221;Ver produtos&#8221; shape=&#8221;square&#8221; color=&#8221;white&#8221; align=&#8221;left&#8221; css_animation=&#8221;fadeInUp&#8221; link=&#8221;url:%2Fetaniz-linha-tintas%2F&#8221;][\/vc_column_inner][\/vc_row_inner][vc_empty_space height=&#8221;35px&#8221;][vc_row_inner content_placement=&#8221;middle&#8221; css=&#8221;.vc_custom_1656010078278{padding-top: 7% !important;padding-right: 7% !important;padding-bottom: 7% !important;padding-left: 7% !important;background-color: #66656a !important;}&#8221;][vc_column_inner width=&#8221;1\/4&#8243;][vc_icon icon_fontawesome=&#8221;fas fa-car&#8221; color=&#8221;white&#8221; size=&#8221;xl&#8221; css_animation=&#8221;fadeInUp&#8221;][\/vc_column_inner][vc_column_inner width=&#8221;3\/4&#8243;][vc_column_text css_animation=&#8221;fadeInUp&#8221; css=&#8221;.vc_custom_1651773634226{margin-bottom: 20px !important;}&#8221;]<\/p>\n<h3 style=\"color: #fff;\">Linha <span class=\"theme-selection-accent\">Automotiva<\/span><\/h3>\n<p>[\/vc_column_text][vc_column_text css_animation=&#8221;fadeInUp&#8221;]<span style=\"color: #ffffff;\">Produtos profissionais de alta qualidade, desenvolvidos para o cuidado e manuten\u00e7\u00e3o de motos e ve\u00edculos. Facilitam manter seu ve\u00edculo em excelente estado, garantindo bela e longa vida pra ele, protegendo, limpando e garantindo seu bem estar.<\/span>[\/vc_column_text][vc_btn title=&#8221;Ver produtos&#8221; shape=&#8221;square&#8221; color=&#8221;white&#8221; align=&#8221;left&#8221; css_animation=&#8221;fadeInUp&#8221; link=&#8221;url:%2Fetaniz-linha-automotiva%2F&#8221;][\/vc_column_inner][\/vc_row_inner][\/vc_column][\/vc_row][vc_row full_width=&#8221;stretch_row&#8221; css=&#8221;.vc_custom_1651774322062{margin-bottom: 0px !important;padding-top: 30px !important;padding-bottom: 30px !important;background-color: #34dca2 !important;}&#8221;][vc_column width=&#8221;5\/6&#8243;][vc_column_text css_animation=&#8221;fadeInUp&#8221;]<\/p>\n<h3 style=\"text-align: left;\">Voc\u00ea \u00e9 distribuidor e deseja trabalhar com a Linha Etaniz?<\/h3>\n<p>[\/vc_column_text][\/vc_column][vc_column width=&#8221;1\/6&#8243;]<div class=\" ubtn-ctn-center \"><a class=\"ubtn-link ult-adjust-bottom-margin ubtn-center ubtn-normal \" href=\"#wow-modal-id-1\" ><button type=\"button\" id=\"ubtn-6513\"  class=\"ubtn ult-adjust-bottom-margin ult-responsive ubtn-normal ubtn-top-bg  none  ubtn-center   tooltip-69f32f9149a4c\"  data-hover=\"#ffffff\" data-border-color=\"\" data-bg=\"#6046aa\" data-hover-bg=\"#000000\" data-border-hover=\"\" data-shadow-hover=\"\" data-shadow-click=\"none\" data-shadow=\"\" data-shd-shadow=\"\"  data-ultimate-target='#ubtn-6513'  data-responsive-json-new='{\"font-size\":\"desktop:16px;\",\"line-height\":\"\"}'  style=\"font-weight:bold;border:none;background: #6046aa;color: #ffffff;\"><span class=\"ubtn-hover\" style=\"background-color:#000000\"><\/span><span class=\"ubtn-data ubtn-text \" >Clique aqui<\/span><\/button><\/a><\/div>[\/vc_column][\/vc_row]<\/p>\n","protected":false},"excerpt":{"rendered":"<p>[vc_row full_width=&#8221;stretch_row_content_no_spaces&#8221; css=&#8221;.vc_custom_1651696142161{background-position: center !important;background-repeat: no-repeat !important;background-size: cover !important;}&#8221;][vc_column][vc_single_image image=&#8221;7492&#8243; img_size=&#8221;full&#8221;][\/vc_column][\/vc_row][vc_row full_width=&#8221;stretch_row&#8221; css_animation=&#8221;none&#8221; css=&#8221;.vc_custom_1651693946812{margin-top: -50px !important;margin-bottom: 0px !important;padding-top: 100px !important;padding-bottom: 200px !important;background-color: #3f17aa !important;}&#8221;][vc_column][vc_row_inner gap=&#8221;30&#8243; css=&#8221;.vc_custom_1484662874588{margin-bottom: 0px !important;}&#8221;][vc_column_inner offset=&#8221;vc_col-md-8&#8243;][vc_column_text css_animation=&#8221;fadeInUp&#8221;]&#8230;<\/p>\n","protected":false},"author":1,"featured_media":0,"parent":0,"menu_order":0,"comment_status":"closed","ping_status":"closed","template":"","meta":{"footnotes":""},"class_list":["post-7487","page","type-page","status-publish","hentry"],"_links":{"self":[{"href":"https:\/\/www.chesiquimica.com.br\/site\/wp-json\/wp\/v2\/pages\/7487","targetHints":{"allow":["GET"]}}],"collection":[{"href":"https:\/\/www.chesiquimica.com.br\/site\/wp-json\/wp\/v2\/pages"}],"about":[{"href":"https:\/\/www.chesiquimica.com.br\/site\/wp-json\/wp\/v2\/types\/page"}],"author":[{"embeddable":true,"href":"https:\/\/www.chesiquimica.com.br\/site\/wp-json\/wp\/v2\/users\/1"}],"replies":[{"embeddable":true,"href":"https:\/\/www.chesiquimica.com.br\/site\/wp-json\/wp\/v2\/comments?post=7487"}],"version-history":[{"count":22,"href":"https:\/\/www.chesiquimica.com.br\/site\/wp-json\/wp\/v2\/pages\/7487\/revisions"}],"predecessor-version":[{"id":8027,"href":"https:\/\/www.chesiquimica.com.br\/site\/wp-json\/wp\/v2\/pages\/7487\/revisions\/8027"}],"wp:attachment":[{"href":"https:\/\/www.chesiquimica.com.br\/site\/wp-json\/wp\/v2\/media?parent=7487"}],"curies":[{"name":"wp","href":"https:\/\/api.w.org\/{rel}","templated":true}]}}