{"id":7530,"date":"2022-05-06T12:24:12","date_gmt":"2022-05-06T12:24:12","guid":{"rendered":"https:\/\/www.chesiquimica.com.br\/site\/?page_id=7530"},"modified":"2022-06-24T18:50:47","modified_gmt":"2022-06-24T18:50:47","slug":"linha-chesy","status":"publish","type":"page","link":"https:\/\/www.chesiquimica.com.br\/site\/linha-chesy\/","title":{"rendered":"Linha Chesy"},"content":{"rendered":"<p>[vc_row full_width=&#8221;stretch_row_content_no_spaces&#8221; css=&#8221;.vc_custom_1651696142161{background-position: center !important;background-repeat: no-repeat !important;background-size: cover !important;}&#8221;][vc_column][vc_single_image image=&#8221;7466&#8243; img_size=&#8221;full&#8221;][\/vc_column][\/vc_row][vc_row full_width=&#8221;stretch_row&#8221; css_animation=&#8221;none&#8221; css=&#8221;.vc_custom_1651693946812{margin-top: -50px !important;margin-bottom: 0px !important;padding-top: 100px !important;padding-bottom: 200px !important;background-color: #3f17aa !important;}&#8221;][vc_column][vc_row_inner gap=&#8221;30&#8243; css=&#8221;.vc_custom_1484662874588{margin-bottom: 0px !important;}&#8221;][vc_column_inner offset=&#8221;vc_col-md-8&#8243;][vc_column_text css_animation=&#8221;fadeInUp&#8221;]<\/p>\n<h6 style=\"color: #34dca2; font-size: 16px;\">CHESIQUIMICA<\/h6>\n<p>[\/vc_column_text][vc_single_image image=&#8221;7683&#8243; img_size=&#8221;full&#8221; css_animation=&#8221;fadeInUp&#8221;][\/vc_column_inner][\/vc_row_inner][vc_column_text css_animation=&#8221;fadeInUp&#8221;]<\/p>\n<p class=\"p1\"><span style=\"color: #ffffff;\">H\u00e1 25 anos o nosso compromisso \u00e9 a constante inova\u00e7\u00e3o para que voc\u00ea possa oferecer sempre os melhores produtos do mercado. <\/span><br \/>\n<span style=\"color: #ffffff;\">Em geral, as empresas, ind\u00fastrias e com\u00e9rcio sofrem com a alta incid\u00eancia de pessoas e usufrui de maquin\u00e1rios de alta complexidade que exigem cuidados espec\u00edficos. Ou seja, o risco de contamina\u00e7\u00e3o e transmiss\u00e3o de doen\u00e7as \u00e9 muito maior. Sendo assim, \u00e9 necess\u00e1ria uma limpeza mais pesada, t\u00e9cnica e qualificada.<\/span><br \/>\n<span style=\"color: #ffffff;\">N\u00f3s da Chesy Industrial sanamos as necessidades dos nossos clientes, pois al\u00e9m de nossa ampla linha de limpeza de diversos segmentos, desenvolvemos produtos de acordo com a<span class=\"Apple-converted-space\">\u00a0 <\/span>necessidade de cada cliente!<\/span><\/p>\n<p>[\/vc_column_text][vc_column_text css_animation=&#8221;fadeInUp&#8221;]<\/p>\n<h6 style=\"color: #34dca2; font-size: 18px;\">Clique e conhe\u00e7a as nossas linhas, temos o produto certo para seu neg\u00f3cio:<\/h6>\n<p>[\/vc_column_text][\/vc_column][\/vc_row][vc_row gap=&#8221;30&#8243; full_height=&#8221;yes&#8221; columns_placement=&#8221;top&#8221; equal_height=&#8221;yes&#8221; content_placement=&#8221;top&#8221; css=&#8221;.vc_custom_1651769789252{margin-top: -160px !important;}&#8221;][vc_column width=&#8221;1\/2&#8243;][vc_row_inner content_placement=&#8221;middle&#8221; css=&#8221;.vc_custom_1655832873157{padding-top: 7% !important;padding-right: 7% !important;padding-bottom: 7% !important;padding-left: 7% !important;background-image: url(https:\/\/www.chesiquimica.com.br\/site\/wp-content\/uploads\/2022\/06\/frigorifico.jpg?id=7830) !important;background-position: center !important;background-repeat: no-repeat !important;background-size: cover !important;}&#8221;][vc_column_inner][vc_empty_space height=&#8221;80px&#8221;][vc_column_text css_animation=&#8221;fadeInUp&#8221; css=&#8221;.vc_custom_1655907947186{margin-bottom: 20px !important;}&#8221;]<\/p>\n<h2 style=\"text-align: center;\"><a href=\"\/chesy-linha-alimenticia-frigorifico\/\"><span style=\"color: #ffffff;\">Aliment\u00edcia e Frigor\u00edfico<\/span><\/a><\/h2>\n<p>[\/vc_column_text][vc_empty_space height=&#8221;80px&#8221;][\/vc_column_inner][\/vc_row_inner][vc_empty_space height=&#8221;35px&#8221;][vc_row_inner content_placement=&#8221;middle&#8221; css=&#8221;.vc_custom_1655833119533{padding-top: 7% !important;padding-right: 7% !important;padding-bottom: 7% !important;padding-left: 7% !important;background-image: url(https:\/\/www.chesiquimica.com.br\/site\/wp-content\/uploads\/2022\/06\/fruticultura.jpg?id=7832) !important;background-position: center !important;background-repeat: no-repeat !important;background-size: cover !important;}&#8221;][vc_column_inner][vc_empty_space height=&#8221;80px&#8221;][vc_column_text css_animation=&#8221;fadeInUp&#8221; css=&#8221;.vc_custom_1655918068049{margin-bottom: 20px !important;}&#8221;]<\/p>\n<h2 style=\"text-align: center;\"><a href=\"\/chesy-linha-fruticultura\/\"><span style=\"color: #ffffff;\">Fruticultura<\/span><\/a><\/h2>\n<p>[\/vc_column_text][vc_empty_space height=&#8221;80px&#8221;][\/vc_column_inner][\/vc_row_inner][vc_empty_space height=&#8221;35px&#8221;][vc_row_inner content_placement=&#8221;middle&#8221; css=&#8221;.vc_custom_1655902945436{padding-top: 7% !important;padding-right: 7% !important;padding-bottom: 7% !important;padding-left: 7% !important;background-image: url(https:\/\/www.chesiquimica.com.br\/site\/wp-content\/uploads\/2022\/06\/lubrificante.jpg?id=7865) !important;background-position: center !important;background-repeat: no-repeat !important;background-size: cover !important;}&#8221;][vc_column_inner][vc_empty_space height=&#8221;80px&#8221;][vc_column_text css_animation=&#8221;fadeInUp&#8221; css=&#8221;.vc_custom_1655902664029{margin-bottom: 20px !important;}&#8221;]<\/p>\n<h2 style=\"text-align: center;\"><a href=\"\/chesy-linha-lubrificantes\/\"><span style=\"color: #ffffff;\">Lubrificantes<\/span><\/a><\/h2>\n<p>[\/vc_column_text][vc_empty_space height=&#8221;80px&#8221;][\/vc_column_inner][\/vc_row_inner][vc_empty_space height=&#8221;35px&#8221;][vc_row_inner content_placement=&#8221;middle&#8221; css=&#8221;.vc_custom_1655833637732{padding-top: 7% !important;padding-right: 7% !important;padding-bottom: 7% !important;padding-left: 7% !important;background-image: url(https:\/\/www.chesiquimica.com.br\/site\/wp-content\/uploads\/2022\/06\/madeireira.jpg?id=7838) !important;background-position: center !important;background-repeat: no-repeat !important;background-size: cover !important;}&#8221;][vc_column_inner][vc_empty_space height=&#8221;80px&#8221;][vc_column_text css_animation=&#8221;fadeInUp&#8221; css=&#8221;.vc_custom_1655922250070{margin-bottom: 20px !important;}&#8221;]<\/p>\n<h2 style=\"text-align: center;\"><a href=\"\/chesy-linha-madeireira\/\"><span style=\"color: #ffffff;\">Madeireira<\/span><\/a><\/h2>\n<p>[\/vc_column_text][vc_empty_space height=&#8221;80px&#8221;][\/vc_column_inner][\/vc_row_inner][\/vc_column][vc_column width=&#8221;1\/2&#8243;][vc_row_inner content_placement=&#8221;middle&#8221; css=&#8221;.vc_custom_1655832280227{padding-top: 7% !important;padding-right: 7% !important;padding-bottom: 7% !important;padding-left: 7% !important;background-image: url(https:\/\/www.chesiquimica.com.br\/site\/wp-content\/uploads\/2022\/06\/automotivo.jpg?id=7824) !important;background-position: center !important;background-repeat: no-repeat !important;background-size: cover !important;}&#8221;][vc_column_inner][vc_empty_space height=&#8221;80px&#8221;][vc_column_text css_animation=&#8221;fadeInUp&#8221; css=&#8221;.vc_custom_1655834790592{margin-bottom: 20px !important;}&#8221;]<\/p>\n<h2 style=\"text-align: center;\"><a href=\"\/chesy-linha-automotiva\/\"><span style=\"color: #ffffff;\">Automotivo<\/span><\/a><\/h2>\n<p>[\/vc_column_text][vc_empty_space height=&#8221;80px&#8221;][\/vc_column_inner][\/vc_row_inner][vc_empty_space height=&#8221;35px&#8221;][vc_row_inner content_placement=&#8221;middle&#8221; css=&#8221;.vc_custom_1655833321366{padding-top: 7% !important;padding-right: 7% !important;padding-bottom: 7% !important;padding-left: 7% !important;background-image: url(https:\/\/www.chesiquimica.com.br\/site\/wp-content\/uploads\/2022\/06\/institucional.jpg?id=7833) !important;background-position: center !important;background-repeat: no-repeat !important;background-size: cover !important;}&#8221;][vc_column_inner][vc_empty_space height=&#8221;80px&#8221;][vc_column_text css_animation=&#8221;fadeInUp&#8221; css=&#8221;.vc_custom_1655920120466{margin-bottom: 20px !important;}&#8221;]<\/p>\n<h2 style=\"text-align: center;\"><a href=\"\/chesy-linha-institucional\/\"><span style=\"color: #ffffff;\">Institucional<\/span><\/a><\/h2>\n<p>[\/vc_column_text][vc_empty_space height=&#8221;80px&#8221;][\/vc_column_inner][\/vc_row_inner][vc_empty_space height=&#8221;35px&#8221;][vc_row_inner content_placement=&#8221;middle&#8221; css=&#8221;.vc_custom_1655833738350{padding-top: 7% !important;padding-right: 7% !important;padding-bottom: 7% !important;padding-left: 7% !important;background-image: url(https:\/\/www.chesiquimica.com.br\/site\/wp-content\/uploads\/2022\/06\/metal.jpg?id=7839) !important;background-position: center !important;background-repeat: no-repeat !important;background-size: cover !important;}&#8221;][vc_column_inner][vc_empty_space height=&#8221;80px&#8221;][vc_column_text css_animation=&#8221;fadeInUp&#8221; css=&#8221;.vc_custom_1655921200409{margin-bottom: 20px !important;}&#8221;]<\/p>\n<h2 style=\"text-align: center;\"><a href=\"\/chesy-linha-metal-working\/\"><span style=\"color: #ffffff;\">Metal Working<\/span><\/a><\/h2>\n<p>[\/vc_column_text][vc_empty_space height=&#8221;80px&#8221;][\/vc_column_inner][\/vc_row_inner][vc_empty_space height=&#8221;35px&#8221;][vc_row_inner content_placement=&#8221;middle&#8221; css=&#8221;.vc_custom_1655903331940{padding-top: 7% !important;padding-right: 7% !important;padding-bottom: 7% !important;padding-left: 7% !important;background-image: url(https:\/\/www.chesiquimica.com.br\/site\/wp-content\/uploads\/2022\/06\/tinta.jpg?id=7866) !important;background-position: center !important;background-repeat: no-repeat !important;background-size: cover !important;}&#8221;][vc_column_inner][vc_empty_space height=&#8221;80px&#8221;][vc_column_text css_animation=&#8221;fadeInUp&#8221; css=&#8221;.vc_custom_1655903042548{margin-bottom: 20px !important;}&#8221;]<\/p>\n<h2 style=\"text-align: center;\"><a href=\"\/chesy-tintas\/\"><span style=\"color: #ffffff;\">Tinta Spray<\/span><\/a><\/h2>\n<p>[\/vc_column_text][vc_empty_space height=&#8221;80px&#8221;][\/vc_column_inner][\/vc_row_inner][\/vc_column][\/vc_row][vc_row full_width=&#8221;stretch_row&#8221; css=&#8221;.vc_custom_1655902545593{margin-top: 100px !important;margin-bottom: 0px !important;padding-top: 30px !important;padding-bottom: 30px !important;background-color: #34dca2 !important;}&#8221;][vc_column width=&#8221;5\/6&#8243;][vc_column_text css_animation=&#8221;fadeInUp&#8221;]<\/p>\n<h3 style=\"text-align: left;\">Voc\u00ea \u00e9 distribuidor e deseja trabalhar com a Linha Chesy?<\/h3>\n<p>[\/vc_column_text][\/vc_column][vc_column width=&#8221;1\/6&#8243;]<div class=\" ubtn-ctn-center \"><a class=\"ubtn-link ult-adjust-bottom-margin ubtn-center ubtn-normal \" href=\"#wow-modal-id-1\" ><button type=\"button\" id=\"ubtn-2847\"  class=\"ubtn ult-adjust-bottom-margin ult-responsive ubtn-normal ubtn-top-bg  none  ubtn-center   tooltip-69f32fa204556\"  data-hover=\"#ffffff\" data-border-color=\"\" data-bg=\"#6046aa\" data-hover-bg=\"#000000\" data-border-hover=\"\" data-shadow-hover=\"\" data-shadow-click=\"none\" data-shadow=\"\" data-shd-shadow=\"\"  data-ultimate-target='#ubtn-2847'  data-responsive-json-new='{\"font-size\":\"desktop:16px;\",\"line-height\":\"\"}'  style=\"font-weight:bold;border:none;background: #6046aa;color: #ffffff;\"><span class=\"ubtn-hover\" style=\"background-color:#000000\"><\/span><span class=\"ubtn-data ubtn-text \" >Clique aqui<\/span><\/button><\/a><\/div>[\/vc_column][\/vc_row]<\/p>\n","protected":false},"excerpt":{"rendered":"<p>[vc_row full_width=&#8221;stretch_row_content_no_spaces&#8221; css=&#8221;.vc_custom_1651696142161{background-position: center !important;background-repeat: no-repeat !important;background-size: cover !important;}&#8221;][vc_column][vc_single_image image=&#8221;7466&#8243; img_size=&#8221;full&#8221;][\/vc_column][\/vc_row][vc_row full_width=&#8221;stretch_row&#8221; css_animation=&#8221;none&#8221; css=&#8221;.vc_custom_1651693946812{margin-top: -50px !important;margin-bottom: 0px !important;padding-top: 100px !important;padding-bottom: 200px !important;background-color: #3f17aa !important;}&#8221;][vc_column][vc_row_inner gap=&#8221;30&#8243; css=&#8221;.vc_custom_1484662874588{margin-bottom: 0px !important;}&#8221;][vc_column_inner offset=&#8221;vc_col-md-8&#8243;][vc_column_text css_animation=&#8221;fadeInUp&#8221;]&#8230;<\/p>\n","protected":false},"author":1,"featured_media":0,"parent":0,"menu_order":0,"comment_status":"closed","ping_status":"closed","template":"","meta":{"footnotes":""},"class_list":["post-7530","page","type-page","status-publish","hentry"],"_links":{"self":[{"href":"https:\/\/www.chesiquimica.com.br\/site\/wp-json\/wp\/v2\/pages\/7530","targetHints":{"allow":["GET"]}}],"collection":[{"href":"https:\/\/www.chesiquimica.com.br\/site\/wp-json\/wp\/v2\/pages"}],"about":[{"href":"https:\/\/www.chesiquimica.com.br\/site\/wp-json\/wp\/v2\/types\/page"}],"author":[{"embeddable":true,"href":"https:\/\/www.chesiquimica.com.br\/site\/wp-json\/wp\/v2\/users\/1"}],"replies":[{"embeddable":true,"href":"https:\/\/www.chesiquimica.com.br\/site\/wp-json\/wp\/v2\/comments?post=7530"}],"version-history":[{"count":32,"href":"https:\/\/www.chesiquimica.com.br\/site\/wp-json\/wp\/v2\/pages\/7530\/revisions"}],"predecessor-version":[{"id":8057,"href":"https:\/\/www.chesiquimica.com.br\/site\/wp-json\/wp\/v2\/pages\/7530\/revisions\/8057"}],"wp:attachment":[{"href":"https:\/\/www.chesiquimica.com.br\/site\/wp-json\/wp\/v2\/media?parent=7530"}],"curies":[{"name":"wp","href":"https:\/\/api.w.org\/{rel}","templated":true}]}}