{"id":7552,"date":"2022-05-06T12:52:30","date_gmt":"2022-05-06T12:52:30","guid":{"rendered":"https:\/\/www.chesiquimica.com.br\/site\/?page_id=7552"},"modified":"2022-05-31T17:42:05","modified_gmt":"2022-05-31T17:42:05","slug":"linha-lev-uze","status":"publish","type":"page","link":"https:\/\/www.chesiquimica.com.br\/site\/linha-lev-uze\/","title":{"rendered":"Linha Lev&#038;Uze"},"content":{"rendered":"<p>[vc_row full_width=&#8221;stretch_row_content_no_spaces&#8221; css=&#8221;.vc_custom_1651696142161{background-position: center !important;background-repeat: no-repeat !important;background-size: cover !important;}&#8221;][vc_column][vc_single_image image=&#8221;7553&#8243; img_size=&#8221;full&#8221;][\/vc_column][\/vc_row][vc_row full_width=&#8221;stretch_row&#8221; css_animation=&#8221;none&#8221; css=&#8221;.vc_custom_1651693946812{margin-top: -50px !important;margin-bottom: 0px !important;padding-top: 100px !important;padding-bottom: 200px !important;background-color: #3f17aa !important;}&#8221;][vc_column][vc_row_inner gap=&#8221;30&#8243; css=&#8221;.vc_custom_1484662874588{margin-bottom: 0px !important;}&#8221;][vc_column_inner offset=&#8221;vc_col-md-8&#8243;][vc_column_text css_animation=&#8221;fadeInUp&#8221;]<\/p>\n<h6 style=\"color: #34dca2; font-size: 16px;\">CHESIQUIMICA<\/h6>\n<p>[\/vc_column_text][vc_single_image image=&#8221;7443&#8243; img_size=&#8221;full&#8221; css_animation=&#8221;fadeInUp&#8221;][\/vc_column_inner][\/vc_row_inner][vc_column_text css_animation=&#8221;fadeInUp&#8221;]<\/p>\n<h6 style=\"color: #34dca2; font-size: 18px;\">Selecione a categoria para ver os produtos:<\/h6>\n<p>[\/vc_column_text][\/vc_column][\/vc_row][vc_row gap=&#8221;30&#8243; full_height=&#8221;yes&#8221; columns_placement=&#8221;top&#8221; equal_height=&#8221;yes&#8221; content_placement=&#8221;top&#8221; css=&#8221;.vc_custom_1651769789252{margin-top: -160px !important;}&#8221;][vc_column width=&#8221;1\/2&#8243;][vc_row_inner content_placement=&#8221;middle&#8221; css=&#8221;.vc_custom_1637171132119{padding-top: 7% !important;padding-right: 7% !important;padding-bottom: 7% !important;padding-left: 7% !important;background-color: #66656a !important;}&#8221;][vc_column_inner width=&#8221;1\/4&#8243;][vc_icon icon_fontawesome=&#8221;fas fa-car&#8221; color=&#8221;white&#8221; size=&#8221;xl&#8221; css_animation=&#8221;fadeInUp&#8221;][\/vc_column_inner][vc_column_inner width=&#8221;3\/4&#8243;][vc_column_text css_animation=&#8221;fadeInUp&#8221; css=&#8221;.vc_custom_1651841414896{margin-bottom: 20px !important;}&#8221;]<\/p>\n<h3 style=\"color: #fff;\">Linha <span class=\"theme-selection-accent\">Automotiva<\/span><\/h3>\n<p>[\/vc_column_text][vc_column_text css_animation=&#8221;fadeInUp&#8221;]<span style=\"color: #ffffff;\">Produtos de alta qualidade, desenvolvidos para o cuidado e manuten\u00e7\u00e3o de motos e ve\u00edculos. Facilitam manter seu ve\u00edculo em excelente estado, garantindo bela e longa vida pra ele, protegendo, limpando e garantindo seu bem estar. <\/span>[\/vc_column_text][vc_btn title=&#8221;Ver produtos&#8221; shape=&#8221;square&#8221; color=&#8221;white&#8221; align=&#8221;left&#8221; css_animation=&#8221;fadeInUp&#8221; link=&#8221;url:%2Flevuze-linha-automotiva%2F&#8221;][\/vc_column_inner][\/vc_row_inner][\/vc_column][vc_column width=&#8221;1\/2&#8243;][vc_row_inner content_placement=&#8221;middle&#8221; css=&#8221;.vc_custom_1637171142121{padding-top: 7% !important;padding-right: 7% !important;padding-bottom: 7% !important;padding-left: 7% !important;background-color: #e85428 !important;}&#8221;][vc_column_inner width=&#8221;1\/4&#8243;][vc_icon icon_fontawesome=&#8221;fas fa-spray-can&#8221; color=&#8221;white&#8221; size=&#8221;xl&#8221; css_animation=&#8221;fadeInUp&#8221;][\/vc_column_inner][vc_column_inner width=&#8221;3\/4&#8243;][vc_column_text css_animation=&#8221;fadeInUp&#8221; css=&#8221;.vc_custom_1651841521629{margin-bottom: 20px !important;}&#8221;]<\/p>\n<h3 style=\"color: #fff;\">Linha <span class=\"theme-selection-accent\">Tintas<\/span><\/h3>\n<p>[\/vc_column_text][vc_column_text css_animation=&#8221;fadeInUp&#8221;]<span style=\"color: #ffffff;\"> Tintas em spray com variedade de cores e excelente cobertura. Dedicadas para uso dia a dia, sem perder tempo e com facilidade do uso. Simplesmente leve e use, deixando seu mundo mais colorido. <\/span>[\/vc_column_text][vc_btn title=&#8221;Ver produtos&#8221; shape=&#8221;square&#8221; color=&#8221;white&#8221; align=&#8221;left&#8221; css_animation=&#8221;fadeInUp&#8221; link=&#8221;url:%2Flev-uze-linha-tintas%2F&#8221;][\/vc_column_inner][\/vc_row_inner][\/vc_column][\/vc_row][vc_row full_width=&#8221;stretch_row&#8221; css=&#8221;.vc_custom_1651769832598{margin-top: -200px !important;margin-bottom: 0px !important;padding-top: 30px !important;padding-bottom: 30px !important;background-color: #34dca2 !important;}&#8221;][vc_column width=&#8221;5\/6&#8243;][vc_column_text css_animation=&#8221;fadeInUp&#8221;]<\/p>\n<h3 style=\"text-align: left;\">Voc\u00ea \u00e9 distribuidor e deseja trabalhar com a Linha Lev&amp;Uze?<\/h3>\n<p>[\/vc_column_text][\/vc_column][vc_column width=&#8221;1\/6&#8243;]<div class=\" ubtn-ctn-center \"><a class=\"ubtn-link ult-adjust-bottom-margin ubtn-center ubtn-normal \" href=\"#wow-modal-id-1\" ><button type=\"button\" id=\"ubtn-7612\"  class=\"ubtn ult-adjust-bottom-margin ult-responsive ubtn-normal ubtn-top-bg  none  ubtn-center   tooltip-69ef925358f6a\"  data-hover=\"#ffffff\" data-border-color=\"\" data-bg=\"#6046aa\" data-hover-bg=\"#000000\" data-border-hover=\"\" data-shadow-hover=\"\" data-shadow-click=\"none\" data-shadow=\"\" data-shd-shadow=\"\"  data-ultimate-target='#ubtn-7612'  data-responsive-json-new='{\"font-size\":\"desktop:16px;\",\"line-height\":\"\"}'  style=\"font-weight:bold;border:none;background: #6046aa;color: #ffffff;\"><span class=\"ubtn-hover\" style=\"background-color:#000000\"><\/span><span class=\"ubtn-data ubtn-text \" >Clique aqui<\/span><\/button><\/a><\/div>[\/vc_column][\/vc_row]<\/p>\n","protected":false},"excerpt":{"rendered":"<p>[vc_row full_width=&#8221;stretch_row_content_no_spaces&#8221; css=&#8221;.vc_custom_1651696142161{background-position: center !important;background-repeat: no-repeat !important;background-size: cover !important;}&#8221;][vc_column][vc_single_image image=&#8221;7553&#8243; img_size=&#8221;full&#8221;][\/vc_column][\/vc_row][vc_row full_width=&#8221;stretch_row&#8221; css_animation=&#8221;none&#8221; css=&#8221;.vc_custom_1651693946812{margin-top: -50px !important;margin-bottom: 0px !important;padding-top: 100px !important;padding-bottom: 200px !important;background-color: #3f17aa !important;}&#8221;][vc_column][vc_row_inner gap=&#8221;30&#8243; css=&#8221;.vc_custom_1484662874588{margin-bottom: 0px !important;}&#8221;][vc_column_inner offset=&#8221;vc_col-md-8&#8243;][vc_column_text css_animation=&#8221;fadeInUp&#8221;]&#8230;<\/p>\n","protected":false},"author":1,"featured_media":0,"parent":0,"menu_order":0,"comment_status":"closed","ping_status":"closed","template":"","meta":{"footnotes":""},"class_list":["post-7552","page","type-page","status-publish","hentry"],"_links":{"self":[{"href":"https:\/\/www.chesiquimica.com.br\/site\/wp-json\/wp\/v2\/pages\/7552","targetHints":{"allow":["GET"]}}],"collection":[{"href":"https:\/\/www.chesiquimica.com.br\/site\/wp-json\/wp\/v2\/pages"}],"about":[{"href":"https:\/\/www.chesiquimica.com.br\/site\/wp-json\/wp\/v2\/types\/page"}],"author":[{"embeddable":true,"href":"https:\/\/www.chesiquimica.com.br\/site\/wp-json\/wp\/v2\/users\/1"}],"replies":[{"embeddable":true,"href":"https:\/\/www.chesiquimica.com.br\/site\/wp-json\/wp\/v2\/comments?post=7552"}],"version-history":[{"count":10,"href":"https:\/\/www.chesiquimica.com.br\/site\/wp-json\/wp\/v2\/pages\/7552\/revisions"}],"predecessor-version":[{"id":7811,"href":"https:\/\/www.chesiquimica.com.br\/site\/wp-json\/wp\/v2\/pages\/7552\/revisions\/7811"}],"wp:attachment":[{"href":"https:\/\/www.chesiquimica.com.br\/site\/wp-json\/wp\/v2\/media?parent=7552"}],"curies":[{"name":"wp","href":"https:\/\/api.w.org\/{rel}","templated":true}]}}