{"id":7899,"date":"2022-06-22T17:13:00","date_gmt":"2022-06-22T17:13:00","guid":{"rendered":"https:\/\/www.chesiquimica.com.br\/site\/?page_id=7899"},"modified":"2022-06-24T18:41:24","modified_gmt":"2022-06-24T18:41:24","slug":"chesy-linha-fruticultura","status":"publish","type":"page","link":"https:\/\/www.chesiquimica.com.br\/site\/chesy-linha-fruticultura\/","title":{"rendered":"Chesy Linha Fruticultura"},"content":{"rendered":"<p>[vc_row full_width=&#8221;stretch_row_content_no_spaces&#8221; css=&#8221;.vc_custom_1656096068762{margin-top: -50px !important;margin-bottom: 0px !important;padding-top: 80px !important;padding-right: 13% !important;padding-bottom: 80px !important;padding-left: 13% !important;background-color: #3f17aa !important;}&#8221;][vc_column offset=&#8221;vc_hidden-md vc_hidden-sm vc_hidden-xs&#8221;][vc_column_text css_animation=&#8221;bottom-to-top&#8221;]<\/p>\n<h2><span style=\"color: #ffffff;\">Chesy &#8211; Linha Fruticultura<\/span><\/h2>\n<p>[\/vc_column_text][vc_column_text]<\/p>\n<p class=\"p1\"><span style=\"color: #ffffff;\">Nossa LINHA FRUTICULTURA possui produtos espec\u00edficos para cada etapa, desde a sanitiza\u00e7\u00e3o at\u00e9 o carregamento das frutas. Al\u00e9m disso s\u00e3o livres de res\u00edduos, sem LRM, n\u00e3o t\u00f3xicos e biodegrad\u00e1veis. <span class=\"s1\">Desenvolvemos produtos atendendo as necessidades espec\u00edficas de cada cliente.<\/span><\/span><\/p>\n<p>[\/vc_column_text][\/vc_column][\/vc_row][vc_row css=&#8221;.vc_custom_1651757399856{margin-bottom: 80px !important;padding-right: 8% !important;padding-left: 8% !important;}&#8221;][vc_column][vc_empty_space height=&#8221;35px&#8221;][vc_row_inner][vc_column_inner width=&#8221;1\/3&#8243;][vc_single_image image=&#8221;7901&#8243; img_size=&#8221;full&#8221; alignment=&#8221;center&#8221; css_animation=&#8221;fadeInUp&#8221;][vc_single_image image=&#8221;7904&#8243; img_size=&#8221;full&#8221; alignment=&#8221;center&#8221; css_animation=&#8221;fadeInUp&#8221;][vc_single_image image=&#8221;7907&#8243; img_size=&#8221;full&#8221; alignment=&#8221;center&#8221; css_animation=&#8221;fadeInUp&#8221;][vc_single_image image=&#8221;7910&#8243; img_size=&#8221;full&#8221; alignment=&#8221;center&#8221; css_animation=&#8221;fadeInUp&#8221;][vc_single_image image=&#8221;7913&#8243; img_size=&#8221;full&#8221; alignment=&#8221;center&#8221; css_animation=&#8221;fadeInUp&#8221;][vc_single_image image=&#8221;7916&#8243; img_size=&#8221;full&#8221; alignment=&#8221;center&#8221; css_animation=&#8221;fadeInUp&#8221;][vc_single_image image=&#8221;7919&#8243; img_size=&#8221;full&#8221; alignment=&#8221;center&#8221; css_animation=&#8221;fadeInUp&#8221;][vc_single_image image=&#8221;7922&#8243; img_size=&#8221;full&#8221; alignment=&#8221;center&#8221; css_animation=&#8221;fadeInUp&#8221;][vc_single_image image=&#8221;7925&#8243; img_size=&#8221;full&#8221; alignment=&#8221;center&#8221; css_animation=&#8221;fadeInUp&#8221;][vc_single_image image=&#8221;7928&#8243; img_size=&#8221;full&#8221; alignment=&#8221;center&#8221; css_animation=&#8221;fadeInUp&#8221;][\/vc_column_inner][vc_column_inner width=&#8221;1\/3&#8243;][vc_single_image image=&#8221;7902&#8243; img_size=&#8221;full&#8221; alignment=&#8221;center&#8221; css_animation=&#8221;fadeInUp&#8221;][vc_single_image image=&#8221;7905&#8243; img_size=&#8221;full&#8221; alignment=&#8221;center&#8221; css_animation=&#8221;fadeInUp&#8221;][vc_single_image image=&#8221;7908&#8243; img_size=&#8221;full&#8221; alignment=&#8221;center&#8221; css_animation=&#8221;fadeInUp&#8221;][vc_single_image image=&#8221;7911&#8243; img_size=&#8221;full&#8221; alignment=&#8221;center&#8221; css_animation=&#8221;fadeInUp&#8221;][vc_single_image image=&#8221;7914&#8243; img_size=&#8221;full&#8221; alignment=&#8221;center&#8221; css_animation=&#8221;fadeInUp&#8221;][vc_single_image image=&#8221;7917&#8243; img_size=&#8221;full&#8221; alignment=&#8221;center&#8221; css_animation=&#8221;fadeInUp&#8221;][vc_single_image image=&#8221;7920&#8243; img_size=&#8221;full&#8221; alignment=&#8221;center&#8221; css_animation=&#8221;fadeInUp&#8221;][vc_single_image image=&#8221;7923&#8243; img_size=&#8221;full&#8221; alignment=&#8221;center&#8221; css_animation=&#8221;fadeInUp&#8221;][vc_single_image image=&#8221;7926&#8243; img_size=&#8221;full&#8221; alignment=&#8221;center&#8221; css_animation=&#8221;fadeInUp&#8221;][vc_single_image image=&#8221;7929&#8243; img_size=&#8221;full&#8221; alignment=&#8221;center&#8221; css_animation=&#8221;fadeInUp&#8221;][\/vc_column_inner][vc_column_inner width=&#8221;1\/3&#8243;][vc_single_image image=&#8221;7903&#8243; img_size=&#8221;full&#8221; alignment=&#8221;center&#8221; css_animation=&#8221;fadeInUp&#8221;][vc_single_image image=&#8221;7906&#8243; img_size=&#8221;full&#8221; alignment=&#8221;center&#8221; css_animation=&#8221;fadeInUp&#8221;][vc_single_image image=&#8221;7909&#8243; img_size=&#8221;full&#8221; alignment=&#8221;center&#8221; css_animation=&#8221;fadeInUp&#8221;][vc_single_image image=&#8221;7912&#8243; img_size=&#8221;full&#8221; alignment=&#8221;center&#8221; css_animation=&#8221;fadeInUp&#8221;][vc_single_image image=&#8221;7915&#8243; img_size=&#8221;full&#8221; alignment=&#8221;center&#8221; css_animation=&#8221;fadeInUp&#8221;][vc_single_image image=&#8221;7918&#8243; img_size=&#8221;full&#8221; alignment=&#8221;center&#8221; css_animation=&#8221;fadeInUp&#8221;][vc_single_image image=&#8221;7921&#8243; img_size=&#8221;full&#8221; alignment=&#8221;center&#8221; css_animation=&#8221;fadeInUp&#8221;][vc_single_image image=&#8221;7924&#8243; img_size=&#8221;full&#8221; alignment=&#8221;center&#8221; css_animation=&#8221;fadeInUp&#8221;][vc_single_image image=&#8221;7927&#8243; img_size=&#8221;full&#8221; alignment=&#8221;center&#8221; css_animation=&#8221;fadeInUp&#8221;][\/vc_column_inner][\/vc_row_inner][\/vc_column][\/vc_row]<\/p>\n","protected":false},"excerpt":{"rendered":"<p>[vc_row full_width=&#8221;stretch_row_content_no_spaces&#8221; css=&#8221;.vc_custom_1656096068762{margin-top: -50px !important;margin-bottom: 0px !important;padding-top: 80px !important;padding-right: 13% !important;padding-bottom: 80px !important;padding-left: 13% !important;background-color: #3f17aa !important;}&#8221;][vc_column offset=&#8221;vc_hidden-md vc_hidden-sm vc_hidden-xs&#8221;][vc_column_text css_animation=&#8221;bottom-to-top&#8221;] Chesy &#8211; Linha Fruticultura [\/vc_column_text][vc_column_text] Nossa LINHA FRUTICULTURA possui&#8230;<\/p>\n","protected":false},"author":1,"featured_media":0,"parent":0,"menu_order":0,"comment_status":"closed","ping_status":"closed","template":"","meta":{"footnotes":""},"class_list":["post-7899","page","type-page","status-publish","hentry"],"_links":{"self":[{"href":"https:\/\/www.chesiquimica.com.br\/site\/wp-json\/wp\/v2\/pages\/7899","targetHints":{"allow":["GET"]}}],"collection":[{"href":"https:\/\/www.chesiquimica.com.br\/site\/wp-json\/wp\/v2\/pages"}],"about":[{"href":"https:\/\/www.chesiquimica.com.br\/site\/wp-json\/wp\/v2\/types\/page"}],"author":[{"embeddable":true,"href":"https:\/\/www.chesiquimica.com.br\/site\/wp-json\/wp\/v2\/users\/1"}],"replies":[{"embeddable":true,"href":"https:\/\/www.chesiquimica.com.br\/site\/wp-json\/wp\/v2\/comments?post=7899"}],"version-history":[{"count":2,"href":"https:\/\/www.chesiquimica.com.br\/site\/wp-json\/wp\/v2\/pages\/7899\/revisions"}],"predecessor-version":[{"id":8050,"href":"https:\/\/www.chesiquimica.com.br\/site\/wp-json\/wp\/v2\/pages\/7899\/revisions\/8050"}],"wp:attachment":[{"href":"https:\/\/www.chesiquimica.com.br\/site\/wp-json\/wp\/v2\/media?parent=7899"}],"curies":[{"name":"wp","href":"https:\/\/api.w.org\/{rel}","templated":true}]}}